{"id":231611,"date":"2023-10-02T16:14:48","date_gmt":"2023-10-02T20:14:48","guid":{"rendered":"https:\/\/fisa.ca\/actualites\/"},"modified":"2024-10-21T15:38:31","modified_gmt":"2024-10-21T19:38:31","slug":"news","status":"publish","type":"page","link":"https:\/\/fisa.ca\/en\/news\/","title":{"rendered":"News"},"content":{"rendered":"<p>[et_pb_section fb_built=&#8221;1&#8243; custom_padding_last_edited=&#8221;on|phone&#8221; admin_label=&#8221;Se syndiquer&#8221; _builder_version=&#8221;4.22.2&#8243; _module_preset=&#8221;default&#8221; background_color=&#8221;#D6F1DC&#8221; custom_padding=&#8221;19px||63px|||&#8221; custom_padding_tablet=&#8221;19px||63px|||&#8221; custom_padding_phone=&#8221;0px||63px||false|false&#8221; top_divider_height=&#8221;160px&#8221; top_divider_repeat=&#8221;1x&#8221; top_divider_flip=&#8221;horizontal|vertical&#8221; bottom_divider_color=&#8221;#FFFFFF&#8221; bottom_divider_flip=&#8221;vertical|horizontal&#8221; collapsed=&#8221;on&#8221; global_colors_info=&#8221;{}&#8221;][et_pb_row column_structure=&#8221;1_2,1_2&#8243; _builder_version=&#8221;4.22.2&#8243; _module_preset=&#8221;default&#8221; custom_padding=&#8221;3px||4px|||&#8221; global_colors_info=&#8221;{}&#8221;][et_pb_column type=&#8221;1_2&#8243; _builder_version=&#8221;4.18.0&#8243; _module_preset=&#8221;default&#8221; global_colors_info=&#8221;{}&#8221;][et_pb_text _builder_version=&#8221;4.27.2&#8243; _module_preset=&#8221;default&#8221; header_2_font_size=&#8221;35px&#8221; custom_margin=&#8221;116px||14px|||&#8221; custom_margin_tablet=&#8221;116px||14px|||&#8221; custom_margin_phone=&#8221;50px||14px||false|false&#8221; custom_margin_last_edited=&#8221;on|phone&#8221; header_font_size_tablet=&#8221;&#8221; header_font_size_phone=&#8221;40px&#8221; header_font_size_last_edited=&#8221;on|phone&#8221; global_colors_info=&#8221;{}&#8221;]<\/p>\n<h1><b>All about our latest news<\/b><\/h1>\n<p>[\/et_pb_text][et_pb_text _builder_version=&#8221;4.27.2&#8243; _module_preset=&#8221;f97c904e-c601-4d00-a535-6b66e1692d47&#8243; text_font=&#8221;||||||||&#8221; text_text_color=&#8221;#263D50&#8243; text_font_size=&#8221;15px&#8221; text_line_height=&#8221;1.4em&#8221; custom_margin=&#8221;||4px|||&#8221; global_colors_info=&#8221;{}&#8221;]<\/p>\n<p><span style=\"font-weight: 400;\">Keep up to date with the latest <a href=\"\/en\/pension-plan\">pension<\/a> news, important events and ongoing actions at FISA. We&#8217;re happy to keep you up to date on our initiatives, successes, collective agreement signings and challenges.\u00a0 We take great pride in defending workers&#8217; interests, particularly with regard to <strong>labour standards on dismissal<\/strong>. <strong>Join us in our mission to promote solidarity and create a better future for all workers.<\/strong><\/span><\/p>\n<p><span style=\"font-weight: 400;\"><strong><\/strong><\/span><\/p>\n<p>[\/et_pb_text][et_pb_button button_url=&#8221;@ET-DC@eyJkeW5hbWljIjp0cnVlLCJjb250ZW50IjoicG9zdF9saW5rX3VybF9wYWdlIiwic2V0dGluZ3MiOnsicG9zdF9pZCI6IjIzMDYxMCJ9fQ==@&#8221; button_text=&#8221;Learn more about our services&#8221; _builder_version=&#8221;4.27.2&#8243; _dynamic_attributes=&#8221;button_url&#8221; _module_preset=&#8221;default&#8221; custom_button=&#8221;on&#8221; button_text_size=&#8221;15px&#8221; button_text_color=&#8221;#FFFFFF&#8221; button_bg_color=&#8221;#263D50&#8243; button_border_width=&#8221;0px&#8221; button_border_color=&#8221;RGBA(255,255,255,0)&#8221; button_border_radius=&#8221;30px&#8221; button_font=&#8221;||||||||&#8221; button_use_icon=&#8221;off&#8221; custom_padding=&#8221;10px|30px|10px|30px|true|true&#8221; box_shadow_style=&#8221;preset3&#8243; box_shadow_color=&#8221;rgba(0,0,0,0.15)&#8221; global_colors_info=&#8221;{}&#8221; button_text_color__hover_enabled=&#8221;off|hover&#8221; button_bg_color__hover=&#8221;#3BAF29&#8243; button_bg_color__hover_enabled=&#8221;on|hover&#8221; button_bg_use_color_gradient__hover=&#8221;off&#8221;][\/et_pb_button][\/et_pb_column][et_pb_column type=&#8221;1_2&#8243; _builder_version=&#8221;4.18.0&#8243; _module_preset=&#8221;default&#8221; global_colors_info=&#8221;{}&#8221;][et_pb_image src=&#8221;https:\/\/fisa.ca\/wp-content\/uploads\/2023\/10\/Projet-de-site-Web-FISA-Section-850-x-850-px-14.png&#8221; alt=&#8221;Derni\u00e8res actus sur le r\u00e9gime de retraite avec la FISA &#8211; Qu\u00e9bec&#8221; title_text=&#8221;Projet de site Web FISA Section 850 x 850 px (14)&#8221; align=&#8221;center&#8221; disabled_on=&#8221;on|on|off&#8221; _builder_version=&#8221;4.22.2&#8243; _module_preset=&#8221;default&#8221; width=&#8221;90%&#8221; module_alignment=&#8221;center&#8221; global_colors_info=&#8221;{}&#8221;][\/et_pb_image][\/et_pb_column][\/et_pb_row][\/et_pb_section][et_pb_section fb_built=&#8221;1&#8243; prev_background_color=&#8221;#D6F1DC&#8221; next_background_color=&#8221;#ffffff&#8221; admin_label=&#8221;Blogue (nouvelles)&#8221; _builder_version=&#8221;4.22.2&#8243; _module_preset=&#8221;default&#8221; background_color=&#8221;#FFFFFF&#8221; custom_margin=&#8221;||||false|false&#8221; custom_padding=&#8221;0px||24px||false|false&#8221; top_divider_style=&#8221;wave&#8221; top_divider_height=&#8221;200px&#8221; top_divider_flip=&#8221;vertical&#8221; bottom_divider_style=&#8221;wave&#8221; bottom_divider_height=&#8221;200px&#8221; bottom_divider_repeat=&#8221;1x&#8221; bottom_divider_flip=&#8221;horizontal&#8221; bottom_divider_height_tablet=&#8221;150px&#8221; bottom_divider_height_phone=&#8221;100px&#8221; bottom_divider_height_last_edited=&#8221;on|desktop&#8221; collapsed=&#8221;on&#8221; global_colors_info=&#8221;{}&#8221;][et_pb_row _builder_version=&#8221;4.22.2&#8243; _module_preset=&#8221;default&#8221; global_colors_info=&#8221;{}&#8221;][et_pb_column type=&#8221;4_4&#8243; _builder_version=&#8221;4.22.2&#8243; _module_preset=&#8221;default&#8221; global_colors_info=&#8221;{}&#8221;][et_pb_blog fullwidth=&#8221;off&#8221; posts_number=&#8221;15&#8243; include_categories=&#8221;all&#8221; excerpt_length=&#8221;350&#8243; show_author=&#8221;off&#8221; masonry_tile_background_color=&#8221;#3BAF29&#8243; _builder_version=&#8221;4.22.2&#8243; _module_preset=&#8221;default&#8221; header_font=&#8221;|700|||||||&#8221; header_text_align=&#8221;left&#8221; header_text_color=&#8221;#263D50&#8243; body_text_align=&#8221;justify&#8221; body_text_color=&#8221;#263D50&#8243; meta_font=&#8221;|600||on|||||&#8221; meta_text_color=&#8221;#FFFFFF&#8221; meta_font_size=&#8221;13px&#8221; meta_letter_spacing=&#8221;1px&#8221; meta_line_height=&#8221;2.5em&#8221; read_more_font=&#8221;|600||on|||||&#8221; read_more_text_color=&#8221;#263D50&#8243; read_more_line_height=&#8221;2em&#8221; background_color=&#8221;RGBA(255,255,255,0)&#8221; text_orientation=&#8221;left&#8221; custom_margin=&#8221;||||false|false&#8221; custom_padding=&#8221;||||false|false&#8221; child_filter_saturate=&#8221;0%&#8221; child_filter_contrast=&#8221;110%&#8221; border_radii=&#8221;on|30px|30px|30px|30px&#8221; border_width_all=&#8221;0px&#8221; border_color_all=&#8221;#3BAF29&#8243; border_radii_image=&#8221;off|30px|30px||&#8221; border_color_all_image=&#8221;RGBA(255,255,255,0)&#8221; box_shadow_style=&#8221;preset3&#8243; box_shadow_blur=&#8221;11px&#8221; box_shadow_color=&#8221;rgba(0,0,0,0.09)&#8221; global_colors_info=&#8221;{}&#8221;][\/et_pb_blog][\/et_pb_column][\/et_pb_row][\/et_pb_section][et_pb_section fb_built=&#8221;1&#8243; custom_padding_last_edited=&#8221;on|phone&#8221; admin_label=&#8221;Nous joindre&#8221; _builder_version=&#8221;4.22.2&#8243; _module_preset=&#8221;default&#8221; custom_padding=&#8221;15px||92px||false|false&#8221; custom_padding_tablet=&#8221;15px||92px||false|false&#8221; custom_padding_phone=&#8221;10px||55px||false|false&#8221; collapsed=&#8221;on&#8221; global_colors_info=&#8221;{}&#8221;][et_pb_row column_structure=&#8221;1_2,1_2&#8243; _builder_version=&#8221;4.18.0&#8243; _module_preset=&#8221;default&#8221; global_colors_info=&#8221;{}&#8221;][et_pb_column type=&#8221;1_2&#8243; _builder_version=&#8221;4.18.0&#8243; _module_preset=&#8221;default&#8221; global_colors_info=&#8221;{}&#8221;][et_pb_text _builder_version=&#8221;4.27.2&#8243; _module_preset=&#8221;default&#8221; text_font=&#8221;|700||on|||||&#8221; text_text_color=&#8221;#64C991&#8243; text_font_size=&#8221;12px&#8221; text_letter_spacing=&#8221;1px&#8221; text_line_height=&#8221;0.8em&#8221; header_5_font=&#8221;|700||on|||||&#8221; header_5_text_color=&#8221;#64C991&#8243; header_5_font_size=&#8221;12px&#8221; header_5_letter_spacing=&#8221;1px&#8221; header_5_line_height=&#8221;0.8em&#8221; global_colors_info=&#8221;{}&#8221;]<\/p>\n<p><span class=\"OYPEnA text-decoration-none text-strikethrough-none\">\u2014 Contact us<\/span><\/p>\n<p>[\/et_pb_text][et_pb_text _builder_version=&#8221;4.27.2&#8243; _module_preset=&#8221;default&#8221; header_2_font_size=&#8221;35px&#8221; custom_margin=&#8221;||14px|||&#8221; global_colors_info=&#8221;{}&#8221;]<\/p>\n<h2><span class=\"OYPEnA text-decoration-none text-strikethrough-none\">Get in touch with us now<\/span><\/h2>\n<p>[\/et_pb_text][et_pb_text _builder_version=&#8221;4.27.2&#8243; _module_preset=&#8221;f97c904e-c601-4d00-a535-6b66e1692d47&#8243; text_font=&#8221;||||||||&#8221; text_text_color=&#8221;#263D50&#8243; text_font_size=&#8221;15px&#8221; text_line_height=&#8221;1.4em&#8221; global_colors_info=&#8221;{}&#8221;]Whether it\u2019s a labor relations question, a request for our services or a request for information, we\u2019ll get back to you promptly! All our exchanges are confidential![\/et_pb_text][dsm_icon_list icon_color=&#8221;#429595&#8243; icon_gap_width=&#8221;1em&#8221; icon_padding=&#8221;0px&#8221; icon_font_size=&#8221;30px&#8221; list_layout=&#8221;horizontal&#8221; list_space_between=&#8221;3px&#8221; _builder_version=&#8221;4.22.2&#8243; _module_preset=&#8221;default&#8221; saved_tabs=&#8221;all&#8221; global_colors_info=&#8221;{}&#8221;][dsm_icon_list_child text=&#8221; &#8221; font_icon=&#8221;&#xe0aa;||divi||400&#8243; icon_color=&#8221;#429595&#8243; icon_font_size=&#8221;35px&#8221; url=&#8221;https:\/\/www.facebook.com\/fisaqc?mibextid=LQQJ4d&#8221; url_new_window=&#8221;on&#8221; _builder_version=&#8221;4.22.2&#8243; _module_preset=&#8221;default&#8221; global_colors_info=&#8221;{}&#8221;][\/dsm_icon_list_child][dsm_icon_list_child text=&#8221; &#8221; font_icon=&#8221;&#xe0b4;||divi||400&#8243; icon_color=&#8221;#429595&#8243; icon_font_size=&#8221;35px&#8221; url=&#8221;https:\/\/ca.linkedin.com\/company\/f%C3%A9d%C3%A9ration-ind%C3%A9pendante-des-syndicats-autonomes-fisa&#8221; url_new_window=&#8221;on&#8221; _builder_version=&#8221;4.22.2&#8243; _module_preset=&#8221;default&#8221; global_colors_info=&#8221;{}&#8221;][\/dsm_icon_list_child][\/dsm_icon_list][\/et_pb_column][et_pb_column type=&#8221;1_2&#8243; _builder_version=&#8221;4.18.0&#8243; _module_preset=&#8221;default&#8221; global_colors_info=&#8221;{}&#8221;][et_pb_contact_form captcha=&#8221;off&#8221; email=&#8221;info@fisa.ca&#8221; success_message=&#8221;Thank you for your interest! We will contact you as soon as possible.&#8221; submit_button_text=&#8221;Send&#8221; _builder_version=&#8221;4.27.2&#8243; _module_preset=&#8221;default&#8221; _unique_id=&#8221;23e04ac4-36e6-4caa-a452-38b78ac0f111&#8243; custom_button=&#8221;on&#8221; button_text_size=&#8221;15px&#8221; button_text_color=&#8221;#FFFFFF&#8221; button_bg_color=&#8221;#263D50&#8243; button_border_width=&#8221;0px&#8221; button_border_radius=&#8221;30px&#8221; button_font=&#8221;||||||||&#8221; button_use_icon=&#8221;off&#8221; button_custom_margin=&#8221;0px||0px||false|false&#8221; button_custom_padding=&#8221;10px|25px|10px|25px|true|true&#8221; global_colors_info=&#8221;{}&#8221; button_bg_color__hover_enabled=&#8221;on|hover&#8221; button_bg_color__hover=&#8221;#3BAF29&#8243; button_bg_enable_color__hover=&#8221;on&#8221; button_border_width__hover_enabled=&#8221;on|desktop&#8221; button_border_width__hover=&#8221;0px&#8221;][et_pb_contact_field field_id=&#8221;Name&#8221; field_title=&#8221;Name&#8221; fullwidth_field=&#8221;on&#8221; _builder_version=&#8221;4.27.2&#8243; form_field_background_color=&#8221;#D6F1DC&#8221; form_field_text_color=&#8221;#429595&#8243; form_field_focus_background_color=&#8221;#D6F1DC&#8221; form_field_focus_text_color=&#8221;#429595&#8243; form_field_font=&#8221;|700||on|||||&#8221; form_field_font_size=&#8221;13px&#8221; form_field_line_height=&#8221;2em&#8221; background_color=&#8221;RGBA(255,255,255,0)&#8221; background_enable_color=&#8221;on&#8221; custom_margin=&#8221;||||false|false&#8221; custom_padding=&#8221;||||true|false&#8221; border_radii=&#8221;on|30px|30px|30px|30px&#8221; global_colors_info=&#8221;{}&#8221; button_text_size__hover_enabled=&#8221;off&#8221; button_one_text_size__hover_enabled=&#8221;off&#8221; button_two_text_size__hover_enabled=&#8221;off&#8221; button_text_color__hover_enabled=&#8221;off&#8221; button_one_text_color__hover_enabled=&#8221;off&#8221; button_two_text_color__hover_enabled=&#8221;off&#8221; button_border_width__hover_enabled=&#8221;off&#8221; button_one_border_width__hover_enabled=&#8221;off&#8221; button_two_border_width__hover_enabled=&#8221;off&#8221; button_border_color__hover_enabled=&#8221;off&#8221; button_one_border_color__hover_enabled=&#8221;off&#8221; button_two_border_color__hover_enabled=&#8221;off&#8221; button_border_radius__hover_enabled=&#8221;off&#8221; button_one_border_radius__hover_enabled=&#8221;off&#8221; button_two_border_radius__hover_enabled=&#8221;off&#8221; button_letter_spacing__hover_enabled=&#8221;off&#8221; button_one_letter_spacing__hover_enabled=&#8221;off&#8221; button_two_letter_spacing__hover_enabled=&#8221;off&#8221; button_bg_color__hover_enabled=&#8221;off&#8221; button_one_bg_color__hover_enabled=&#8221;off&#8221; button_two_bg_color__hover_enabled=&#8221;off&#8221;][\/et_pb_contact_field][et_pb_contact_field field_id=&#8221;Email&#8221; field_title=&#8221;Email&#8221; field_type=&#8221;email&#8221; fullwidth_field=&#8221;on&#8221; _builder_version=&#8221;4.27.2&#8243; form_field_background_color=&#8221;#D6F1DC&#8221; form_field_text_color=&#8221;#429595&#8243; form_field_focus_background_color=&#8221;#D6F1DC&#8221; form_field_focus_text_color=&#8221;#429595&#8243; form_field_font=&#8221;|700||on|||||&#8221; form_field_font_size=&#8221;13px&#8221; form_field_line_height=&#8221;2em&#8221; background_color=&#8221;RGBA(255,255,255,0)&#8221; background_enable_color=&#8221;on&#8221; custom_margin=&#8221;||||false|false&#8221; custom_padding=&#8221;||||true|false&#8221; border_radii=&#8221;on|30px|30px|30px|30px&#8221; global_colors_info=&#8221;{}&#8221; button_text_size__hover_enabled=&#8221;off&#8221; button_one_text_size__hover_enabled=&#8221;off&#8221; button_two_text_size__hover_enabled=&#8221;off&#8221; button_text_color__hover_enabled=&#8221;off&#8221; button_one_text_color__hover_enabled=&#8221;off&#8221; button_two_text_color__hover_enabled=&#8221;off&#8221; button_border_width__hover_enabled=&#8221;off&#8221; button_one_border_width__hover_enabled=&#8221;off&#8221; button_two_border_width__hover_enabled=&#8221;off&#8221; button_border_color__hover_enabled=&#8221;off&#8221; button_one_border_color__hover_enabled=&#8221;off&#8221; button_two_border_color__hover_enabled=&#8221;off&#8221; button_border_radius__hover_enabled=&#8221;off&#8221; button_one_border_radius__hover_enabled=&#8221;off&#8221; button_two_border_radius__hover_enabled=&#8221;off&#8221; button_letter_spacing__hover_enabled=&#8221;off&#8221; button_one_letter_spacing__hover_enabled=&#8221;off&#8221; button_two_letter_spacing__hover_enabled=&#8221;off&#8221; button_bg_color__hover_enabled=&#8221;off&#8221; button_one_bg_color__hover_enabled=&#8221;off&#8221; button_two_bg_color__hover_enabled=&#8221;off&#8221;][\/et_pb_contact_field][et_pb_contact_field field_id=&#8221;Message&#8221; field_title=&#8221;Message&#8221; field_type=&#8221;text&#8221; fullwidth_field=&#8221;on&#8221; _builder_version=&#8221;4.16&#8243; form_field_background_color=&#8221;#D6F1DC&#8221; form_field_text_color=&#8221;#429595&#8243; form_field_focus_background_color=&#8221;#D6F1DC&#8221; form_field_focus_text_color=&#8221;#429595&#8243; form_field_font=&#8221;|700||on|||||&#8221; form_field_font_size=&#8221;13px&#8221; form_field_line_height=&#8221;2em&#8221; background_color=&#8221;RGBA(255,255,255,0)&#8221; background_enable_color=&#8221;on&#8221; custom_margin=&#8221;||||false|false&#8221; custom_padding=&#8221;||||true|false&#8221; border_radii=&#8221;on|30px|30px|30px|30px&#8221; global_colors_info=&#8221;{}&#8221; button_text_size__hover_enabled=&#8221;off&#8221; button_one_text_size__hover_enabled=&#8221;off&#8221; button_two_text_size__hover_enabled=&#8221;off&#8221; button_text_color__hover_enabled=&#8221;off&#8221; button_one_text_color__hover_enabled=&#8221;off&#8221; button_two_text_color__hover_enabled=&#8221;off&#8221; button_border_width__hover_enabled=&#8221;off&#8221; button_one_border_width__hover_enabled=&#8221;off&#8221; button_two_border_width__hover_enabled=&#8221;off&#8221; button_border_color__hover_enabled=&#8221;off&#8221; button_one_border_color__hover_enabled=&#8221;off&#8221; button_two_border_color__hover_enabled=&#8221;off&#8221; button_border_radius__hover_enabled=&#8221;off&#8221; button_one_border_radius__hover_enabled=&#8221;off&#8221; button_two_border_radius__hover_enabled=&#8221;off&#8221; button_letter_spacing__hover_enabled=&#8221;off&#8221; button_one_letter_spacing__hover_enabled=&#8221;off&#8221; button_two_letter_spacing__hover_enabled=&#8221;off&#8221; button_bg_color__hover_enabled=&#8221;off&#8221; button_one_bg_color__hover_enabled=&#8221;off&#8221; button_two_bg_color__hover_enabled=&#8221;off&#8221;][\/et_pb_contact_field][\/et_pb_contact_form][\/et_pb_column][\/et_pb_row][\/et_pb_section][et_pb_section fb_built=&#8221;1&#8243; custom_padding_last_edited=&#8221;on|phone&#8221; admin_label=&#8221;Infolettre&#8221; _builder_version=&#8221;4.22.2&#8243; _module_preset=&#8221;default&#8221; background_enable_color=&#8221;off&#8221; use_background_color_gradient=&#8221;on&#8221; background_color_gradient_repeat=&#8221;on&#8221; background_color_gradient_direction=&#8221;329deg&#8221; background_color_gradient_stops=&#8221;rgba(100,201,145,0.79) 0%|rgba(0,106,107,0.74) 100%&#8221; background_color_gradient_overlays_image=&#8221;on&#8221; background_image=&#8221;https:\/\/fisa.ca\/wp-content\/uploads\/2023\/10\/Projet-de-site-Web-FISA-Section-1800-x-800-px-2-1.png&#8221; custom_margin=&#8221;||||false|false&#8221; custom_padding=&#8221;4.1%||4.1%||true|false&#8221; custom_padding_tablet=&#8221;4.1%||4.1%||true|false&#8221; custom_padding_phone=&#8221;4%||0%||false|false&#8221; collapsed=&#8221;on&#8221; global_colors_info=&#8221;{}&#8221;][et_pb_row column_structure=&#8221;1_2,1_2&#8243; admin_label=&#8221;Row&#8221; _builder_version=&#8221;4.18.0&#8243; _module_preset=&#8221;default&#8221; global_colors_info=&#8221;{}&#8221;][et_pb_column type=&#8221;1_2&#8243; _builder_version=&#8221;4.18.0&#8243; _module_preset=&#8221;default&#8221; global_colors_info=&#8221;{}&#8221;][et_pb_text _builder_version=&#8221;4.27.2&#8243; _module_preset=&#8221;default&#8221; text_font=&#8221;|700||on|||||&#8221; text_text_color=&#8221;#64C991&#8243; text_font_size=&#8221;12px&#8221; text_letter_spacing=&#8221;1px&#8221; text_line_height=&#8221;0.8em&#8221; header_5_font=&#8221;|700||on|||||&#8221; header_5_text_color=&#8221;#64C991&#8243; header_5_font_size=&#8221;12px&#8221; header_5_letter_spacing=&#8221;1px&#8221; header_5_line_height=&#8221;0.8em&#8221; global_colors_info=&#8221;{}&#8221;]<\/p>\n<p><span class=\"OYPEnA text-decoration-none text-strikethrough-none\">\u2014 Newsletter<\/span><\/p>\n<p>[\/et_pb_text][et_pb_text _builder_version=&#8221;4.27.2&#8243; _module_preset=&#8221;default&#8221; header_2_text_color=&#8221;#FFFFFF&#8221; header_2_font_size=&#8221;35px&#8221; custom_margin=&#8221;||12px|||&#8221; global_colors_info=&#8221;{}&#8221;]<\/p>\n<h2><span class=\"OYPEnA text-decoration-none text-strikethrough-none\">Stay tuned for the latest news<\/span><\/h2>\n<p>[\/et_pb_text][et_pb_text _builder_version=&#8221;4.27.2&#8243; _module_preset=&#8221;f97c904e-c601-4d00-a535-6b66e1692d47&#8243; text_font=&#8221;||||||||&#8221; text_text_color=&#8221;#FFFFFF&#8221; text_font_size=&#8221;15px&#8221; text_line_height=&#8221;1.4em&#8221; global_colors_info=&#8221;{}&#8221;]<\/p>\n<div class=\"et_pb_module et_pb_text et_pb_text_12  et_pb_text_align_left et_pb_bg_layout_light\">\n<div class=\"et_pb_text_inner\">Subscribe to our newsletter to stay informed about our activities, our victories and much more!<\/div>\n<\/div>\n<div class=\"et_pb_module et_pb_code et_pb_code_0\"><\/div>\n<p>[\/et_pb_text][et_pb_code _builder_version=&#8221;4.27.2&#8243; _module_preset=&#8221;default&#8221; custom_padding=&#8221;||0px|||&#8221; hover_enabled=&#8221;0&#8243; global_colors_info=&#8221;{}&#8221; sticky_enabled=&#8221;0&#8243;]<iframe loading=\"lazy\" src=\"https:\/\/app.cyberimpact.com\/clients\/41999\/subscribe-forms\/40B8BB19-BC4D-4B29-952B-415C58AB646C\" width=\"500\" height=\"185\" frameborder=\"0\" marginheight=\"0\" marginwidth=\"0\" scrolling=\"auto\"><\/iframe>[\/et_pb_code][\/et_pb_column][et_pb_column type=&#8221;1_2&#8243; _builder_version=&#8221;4.18.0&#8243; _module_preset=&#8221;default&#8221; global_colors_info=&#8221;{}&#8221;][\/et_pb_column][\/et_pb_row][\/et_pb_section]<\/p>\n","protected":false},"excerpt":{"rendered":"<p>All about our latest newsKeep up to date with the latest pension news, important events and ongoing actions at FISA. We&#8217;re happy to keep you up to date on our initiatives, successes, collective agreement signings and challenges.\u00a0 We take great pride in defending workers&#8217; interests, particularly with regard to labour standards on dismissal. Join us [&hellip;]<\/p>\n","protected":false},"author":3,"featured_media":0,"parent":0,"menu_order":0,"comment_status":"closed","ping_status":"closed","template":"","meta":{"_acf_changed":false,"_et_pb_use_builder":"on","_et_pb_old_content":"","_et_gb_content_width":"","inline_featured_image":false,"footnotes":""},"class_list":["post-231611","page","type-page","status-publish","hentry"],"acf":[],"aioseo_notices":[],"jetpack_sharing_enabled":true,"_links":{"self":[{"href":"https:\/\/fisa.ca\/en\/wp-json\/wp\/v2\/pages\/231611","targetHints":{"allow":["GET"]}}],"collection":[{"href":"https:\/\/fisa.ca\/en\/wp-json\/wp\/v2\/pages"}],"about":[{"href":"https:\/\/fisa.ca\/en\/wp-json\/wp\/v2\/types\/page"}],"author":[{"embeddable":true,"href":"https:\/\/fisa.ca\/en\/wp-json\/wp\/v2\/users\/3"}],"replies":[{"embeddable":true,"href":"https:\/\/fisa.ca\/en\/wp-json\/wp\/v2\/comments?post=231611"}],"version-history":[{"count":7,"href":"https:\/\/fisa.ca\/en\/wp-json\/wp\/v2\/pages\/231611\/revisions"}],"predecessor-version":[{"id":231938,"href":"https:\/\/fisa.ca\/en\/wp-json\/wp\/v2\/pages\/231611\/revisions\/231938"}],"wp:attachment":[{"href":"https:\/\/fisa.ca\/en\/wp-json\/wp\/v2\/media?parent=231611"}],"curies":[{"name":"wp","href":"https:\/\/api.w.org\/{rel}","templated":true}]}}