{"id":231614,"date":"2023-10-16T23:19:10","date_gmt":"2023-10-16T23:19:10","guid":{"rendered":"https:\/\/fisa.ca\/cuds\/"},"modified":"2024-10-17T18:39:50","modified_gmt":"2024-10-17T18:39:50","slug":"terms-and-conditions","status":"publish","type":"page","link":"https:\/\/fisa.ca\/en\/terms-and-conditions\/","title":{"rendered":"Terms and Conditions"},"content":{"rendered":"<p>[et_pb_section fb_built=&#8221;1&#8243; admin_label=&#8221;Se syndiquer&#8221; _builder_version=&#8221;4.22.2&#8243; _module_preset=&#8221;default&#8221; background_color=&#8221;#FFFFFF&#8221; custom_padding=&#8221;49px||100px|||&#8221; top_divider_height=&#8221;160px&#8221; top_divider_repeat=&#8221;1x&#8221; top_divider_flip=&#8221;horizontal|vertical&#8221; collapsed=&#8221;on&#8221; global_colors_info=&#8221;{}&#8221;][et_pb_row _builder_version=&#8221;4.22.2&#8243; _module_preset=&#8221;default&#8221; custom_padding=&#8221;2px||3px|||&#8221; global_colors_info=&#8221;{}&#8221;][et_pb_column type=&#8221;4_4&#8243; _builder_version=&#8221;4.18.0&#8243; _module_preset=&#8221;default&#8221; global_colors_info=&#8221;{}&#8221;][et_pb_text _builder_version=&#8221;4.27.2&#8243; _module_preset=&#8221;default&#8221; header_2_font_size=&#8221;35px&#8221; custom_margin=&#8221;||14px|||&#8221; global_colors_info=&#8221;{}&#8221;]<\/p>\n<h1><b>Terms and Conditions<\/b><\/h1>\n<p>[\/et_pb_text][et_pb_text _builder_version=&#8221;4.27.2&#8243; _module_preset=&#8221;f97c904e-c601-4d00-a535-6b66e1692d47&#8243; text_font=&#8221;||||||||&#8221; text_text_color=&#8221;#263D50&#8243; text_font_size=&#8221;15px&#8221; text_line_height=&#8221;1.4em&#8221; custom_margin=&#8221;||23px|||&#8221; global_colors_info=&#8221;{}&#8221;]<\/p>\n<p><span style=\"font-weight: 500;\">These terms of use (\u201cTerms\u201d) apply to users (\u201cyou\u201d) of the fisa.ca website (the \u201cWebsite\u201d) owned and operated by the F\u00e9d\u00e9ration ind\u00e9pendante des syndicats autonomes (FISA) (\u201cF\u00e9d\u00e9ration ind\u00e9pendante des syndicats autonomes (FISA)\u201d or \u201cwe\u201d).<\/span><\/p>\n<p><span style=\"font-weight: 500;\">BY ACCESSING THE WEBSITE, YOU REPRESENT THAT YOU HAVE READ AND AGREE TO THESE TERMS. IF YOU DO NOT ACCEPT THESE CONDITIONS, IN WHOLE OR IN PART, PLEASE DO NOT USE THE WEBSITE.<\/span><\/p>\n<p><span style=\"font-weight: 500;\">WE RESERVE THE RIGHT, AT OUR SOLE DISCRETION, BUT IN PARTICULAR TO IMPROVE YOUR EXPERIENCE ON OUR WEBSITES, TO UPDATE, REVISE OR OTHERWISE MODIFY THESE TERMS. SUCH CHANGES SHALL BE EFFECTIVE IMMEDIATELY AND INCORPORATED HEREIN. WE RECOMMEND THAT YOU REVIEW THESE TERMS AND CONDITIONS REGULARLY TO ENSURE THAT THEY ARE CURRENT.<\/span><\/p>\n<p>&nbsp;<\/p>\n<ol>\n<li style=\"font-weight: 500;\" aria-level=\"1\"><span style=\"font-weight: 500;\">INTELLECTUAL PROPERTY<\/span><\/li>\n<li style=\"font-weight: 500;\" aria-level=\"1\"><span style=\"font-weight: 500;\">LINKS TO OTHER SITES<\/span><\/li>\n<li style=\"font-weight: 500;\" aria-level=\"1\"><span style=\"font-weight: 500;\">LIMITATION OF LIABILITY AND WARRANTY<\/span><\/li>\n<li style=\"font-weight: 500;\" aria-level=\"1\"><span style=\"font-weight: 500;\">PERSONAL INFORMATION PROTECTION<\/span><\/li>\n<li style=\"font-weight: 500;\" aria-level=\"1\"><span style=\"font-weight: 500;\">APPLICABLE LAW AND JURISDICTION<\/span><\/li>\n<li style=\"font-weight: 500;\" aria-level=\"1\"><span style=\"font-weight: 500;\">GENERAL<br \/><\/span><span style=\"font-weight: 500;\"><\/span><\/li>\n<\/ol>\n<ol>\n<li><span style=\"font-weight: bold;\"> INTELLECTUAL PROPERTY<\/span><\/li>\n<\/ol>\n<p><span style=\"font-weight: 500;\">F\u00e9d\u00e9ration ind\u00e9pendante des syndicats autonomes (FISA) and its logo are trademarks of F\u00e9d\u00e9ration ind\u00e9pendante des syndicats autonomes (FISA). Other names, words, titles, phrases, logos, designs, graphics, icons and trademarks displayed on the website may constitute trademarks of the F\u00e9d\u00e9ration ind\u00e9pendante des syndicats autonomes (FISA) or of third parties. Nothing contained on the website should be construed as granting you any license or right to use any logo, design or trademark of the F\u00e9d\u00e9ration ind\u00e9pendante des syndicats autonomes (FISA) or any third party.<\/span><\/p>\n<p><span style=\"font-weight: 500;\">The content of this website is protected by copyright and is the property of the F\u00e9d\u00e9ration ind\u00e9pendante des syndicats autonomes (FISA) and its licensors, or the party identified as the content provider, as the case may be. You are strictly prohibited from downloading, reproducing for other than personal use, displaying, publishing, transmitting, distributing or otherwise using, in whole or in part, in any medium, by any means, any element of the website protected by copyright or by any other intellectual property right, without obtaining the prior written permission of the F\u00e9d\u00e9ration ind\u00e9pendante des syndicats autonomes (FISA), or the owner of the right in question, as the case may be.<\/p>\n<p><\/span><span style=\"font-weight: 500;\"><\/span><\/p>\n<ol start=\"2\">\n<li><span style=\"font-weight: bold;\"> LINKS TO OTHER SITES<\/span><\/li>\n<\/ol>\n<p><span style=\"font-weight: 500;\">The website may contain links to websites operated by third parties (\u201cthird-party websites\u201d). By clicking on these links, you leave the website. The F\u00e9d\u00e9ration ind\u00e9pendante des syndicats autonomes (FISA) has no control over the operation of these third-party websites. The fact that the website contains a reference to these third-party websites does not in any way engage the responsibility of the F\u00e9d\u00e9ration ind\u00e9pendante des syndicats autonomes (FISA). We recommend that you pay particular attention to the terms of use and privacy policies of these third-party websites.<\/p>\n<p><\/span><\/p>\n<ol start=\"3\">\n<li><span style=\"font-weight: bold;\"> LIMITATION OF LIABILITY AND WARRANTY<\/span><\/li>\n<\/ol>\n<p><span style=\"font-weight: 500;\">While the F\u00e9d\u00e9ration ind\u00e9pendante des syndicats autonomes (FISA) makes every reasonable effort to ensure the accuracy of the information provided on the website, the website and the information contained therein are provided \u201cas is\u201d without warranty of any kind, either express or implied, including, without limitation, warranties of accuracy, completeness or timeliness. Website content is provided for informational purposes only and is not applicable to your particular circumstances, a guarantee of compliance with applicable laws or a substitute for professional advice.<\/span><\/p>\n<p><span style=\"font-weight: 500;\">In no event does the F\u00e9d\u00e9ration ind\u00e9pendante des syndicats autonomes (FISA) warrant that the website will be accessible or functional without interruption or that its content is and will be free of any error, virus, defect, harmful component or other materially damaging component. the F\u00e9d\u00e9ration ind\u00e9pendante des syndicats autonomes (FISA), their associates, shareholders, employees, directors and partners disclaim all liability for the malfunction of any computer component, software or communication line, for the loss or absence of network communication or for any transmission that is faulty, incomplete, incomprehensible or erased by any computer or network and that may limit or prevent any person from accessing the website. In no event shall the F\u00e9d\u00e9ration ind\u00e9pendante des syndicats autonomes (FISA) be liable for any damages whatsoever, including actual, direct, indirect or consequential damages, arising out of or in connection with the downloading of any web page or software, the transmission of any information through the web site, or the use or reliance on any information available on or relating to the web site.<\/p>\n<p><\/span><span style=\"font-weight: 500;\"><\/span><\/p>\n<ol start=\"4\">\n<li><span style=\"font-weight: bold;\"> PERSONAL INFORMATION PROTECTION<\/span><\/li>\n<\/ol>\n<p><span style=\"font-weight: 500;\">The F\u00e9d\u00e9ration ind\u00e9pendante des syndicats autonomes (FISA) is committed to protecting your privacy. To learn more about the personal information we may collect when you access or use the Website and how we use, store and disclose it, if any, please refer to our Privacy Policy, which is incorporated into these Terms.<br \/><\/span>\u00a0<\/p>\n<ol start=\"5\">\n<li><span style=\"font-weight: bold;\"> APPLICABLE LAW AND JURISDICTION<\/span>\u00a0<\/li>\n<\/ol>\n<p><span style=\"font-weight: 500;\">These Terms shall be governed exclusively by the laws of the province of Quebec and the Federal laws applicable therein, regardless of your residence or location. Any dispute, action or claim arising out of or in connection with these Terms or the use of the website or its content shall be subject to the exclusive jurisdiction of the courts of competent jurisdiction in the judicial district of Quebec, Province of Quebec, Canada.<\/p>\n<p><\/span><\/p>\n<ol start=\"6\">\n<li><span style=\"font-weight: bold;\"> GENERAL<\/span><\/li>\n<\/ol>\n<p><span style=\"font-weight: 500;\">These Terms, which incorporate our Privacy Policy, constitute the entire agreement between you and the F\u00e9d\u00e9ration ind\u00e9pendante des syndicats autonomes (FISA) with respect to your browsing and use of the Website. The failure of the F\u00e9d\u00e9ration ind\u00e9pendante des syndicats autonomes (FISA) to insist upon or enforce strict performance of any provision of these Terms shall not be construed as a waiver of any provision or right. In the event that a court of competent jurisdiction finds any provision of the Terms to be void, invalid or unenforceable, the remaining provisions of the Terms not affected by such finding shall continue in full force and effect to the fullest extent permitted by law.<\/span><\/p>\n<p>&nbsp;<\/p>\n<p><span style=\"font-weight: 500;\">Updated : September 20th 2023<\/span><\/p>\n<p>[\/et_pb_text][\/et_pb_column][\/et_pb_row][\/et_pb_section]<\/p>\n","protected":false},"excerpt":{"rendered":"<p>Terms and ConditionsThese terms of use (\u201cTerms\u201d) apply to users (\u201cyou\u201d) of the fisa.ca website (the \u201cWebsite\u201d) owned and operated by the F\u00e9d\u00e9ration ind\u00e9pendante des syndicats autonomes (FISA) (\u201cF\u00e9d\u00e9ration ind\u00e9pendante des syndicats autonomes (FISA)\u201d or \u201cwe\u201d). BY ACCESSING THE WEBSITE, YOU REPRESENT THAT YOU HAVE READ AND AGREE TO THESE TERMS. IF YOU DO NOT [&hellip;]<\/p>\n","protected":false},"author":3,"featured_media":0,"parent":0,"menu_order":0,"comment_status":"closed","ping_status":"closed","template":"","meta":{"_acf_changed":false,"_et_pb_use_builder":"on","_et_pb_old_content":"","_et_gb_content_width":"","inline_featured_image":false,"footnotes":""},"class_list":["post-231614","page","type-page","status-publish","hentry"],"acf":[],"aioseo_notices":[],"jetpack_sharing_enabled":true,"_links":{"self":[{"href":"https:\/\/fisa.ca\/en\/wp-json\/wp\/v2\/pages\/231614","targetHints":{"allow":["GET"]}}],"collection":[{"href":"https:\/\/fisa.ca\/en\/wp-json\/wp\/v2\/pages"}],"about":[{"href":"https:\/\/fisa.ca\/en\/wp-json\/wp\/v2\/types\/page"}],"author":[{"embeddable":true,"href":"https:\/\/fisa.ca\/en\/wp-json\/wp\/v2\/users\/3"}],"replies":[{"embeddable":true,"href":"https:\/\/fisa.ca\/en\/wp-json\/wp\/v2\/comments?post=231614"}],"version-history":[{"count":5,"href":"https:\/\/fisa.ca\/en\/wp-json\/wp\/v2\/pages\/231614\/revisions"}],"predecessor-version":[{"id":231927,"href":"https:\/\/fisa.ca\/en\/wp-json\/wp\/v2\/pages\/231614\/revisions\/231927"}],"wp:attachment":[{"href":"https:\/\/fisa.ca\/en\/wp-json\/wp\/v2\/media?parent=231614"}],"curies":[{"name":"wp","href":"https:\/\/api.w.org\/{rel}","templated":true}]}}